{"id":7,"date":"2026-02-02T10:47:51","date_gmt":"2026-02-02T10:47:51","guid":{"rendered":"https:\/\/60sekund.pl\/?page_id=7"},"modified":"2026-02-05T09:49:11","modified_gmt":"2026-02-05T08:49:11","slug":"60-sekund","status":"publish","type":"page","link":"https:\/\/60sekund.pl\/","title":{"rendered":"60 SEKUND"},"content":{"rendered":"\n<div class=\"wp-block-group alignfull has-accent-2-background-color has-background has-global-padding is-layout-constrained wp-container-core-group-is-layout-0c9c989a wp-block-group-is-layout-constrained\" style=\"min-height:0vh;margin-top:0;margin-bottom:0;padding-top:var(--wp--preset--spacing--70);padding-right:var(--wp--preset--spacing--40);padding-bottom:var(--wp--preset--spacing--70);padding-left:var(--wp--preset--spacing--40)\">\n<div class=\"wp-block-group has-global-padding is-layout-constrained wp-container-core-group-is-layout-346627ba wp-block-group-is-layout-constrained\">\n<h2 class=\"wp-block-heading has-text-align-center has-xx-large-font-size\" style=\"margin-right:0;margin-left:0;padding-right:0;padding-left:0\">Opowiemy Twoj\u0105 histori\u0119 w 60 sekund*<\/h2>\n\n\n\n<p class=\"has-text-align-center\">*ale mo\u017cemy te\u017c kr\u00f3cej lub d\u0142u\u017cej<\/p>\n<\/div>\n<\/div>\n\n\n\n<div class=\"wp-block-group alignfull has-accent-1-background-color has-background has-global-padding is-layout-constrained wp-container-core-group-is-layout-ebee8dc1 wp-block-group-is-layout-constrained\" style=\"margin-top:0;margin-bottom:0;padding-top:var(--wp--preset--spacing--50);padding-bottom:var(--wp--preset--spacing--50)\">\n<h2 class=\"wp-block-heading alignwide has-text-align-center\">Tworzymy wideo do social medi\u00f3w<\/h2>\n\n\n\n<div class=\"wp-block-columns alignwide is-layout-flex wp-container-core-columns-is-layout-28f84493 wp-block-columns-is-layout-flex\">\n<div class=\"wp-block-column is-layout-flow wp-block-column-is-layout-flow\">\n<figure class=\"wp-block-image size-full\" style=\"margin-bottom:24px\"><img loading=\"lazy\" decoding=\"async\" width=\"800\" height=\"800\" src=\"https:\/\/60sekund.pl\/wp-content\/uploads\/2026\/02\/image_party.jpg\" alt=\"\" class=\"wp-image-26\" style=\"aspect-ratio:4\/3;object-fit:cover\" srcset=\"https:\/\/60sekund.pl\/wp-content\/uploads\/2026\/02\/image_party.jpg 800w, https:\/\/60sekund.pl\/wp-content\/uploads\/2026\/02\/image_party-300x300.jpg 300w, https:\/\/60sekund.pl\/wp-content\/uploads\/2026\/02\/image_party-150x150.jpg 150w, https:\/\/60sekund.pl\/wp-content\/uploads\/2026\/02\/image_party-768x768.jpg 768w\" sizes=\"auto, (max-width: 800px) 100vw, 800px\" \/><\/figure>\n\n\n\n<h3 class=\"wp-block-heading has-text-align-center\">Relacje z wydarze\u0144<\/h3>\n\n\n\n<p class=\"has-text-align-center has-medium-font-size\">wywiady, premiery, gale, eventy<\/p>\n<\/div>\n\n\n\n<div class=\"wp-block-column is-layout-flow wp-block-column-is-layout-flow\">\n<figure class=\"wp-block-image size-full\" style=\"margin-bottom:24px\"><img loading=\"lazy\" decoding=\"async\" width=\"800\" height=\"800\" src=\"https:\/\/60sekund.pl\/wp-content\/uploads\/2026\/02\/image_teatr.jpg\" alt=\"\" class=\"wp-image-22\" style=\"aspect-ratio:4\/3;object-fit:cover\" srcset=\"https:\/\/60sekund.pl\/wp-content\/uploads\/2026\/02\/image_teatr.jpg 800w, https:\/\/60sekund.pl\/wp-content\/uploads\/2026\/02\/image_teatr-300x300.jpg 300w, https:\/\/60sekund.pl\/wp-content\/uploads\/2026\/02\/image_teatr-150x150.jpg 150w, https:\/\/60sekund.pl\/wp-content\/uploads\/2026\/02\/image_teatr-768x768.jpg 768w\" sizes=\"auto, (max-width: 800px) 100vw, 800px\" \/><\/figure>\n\n\n\n<h3 class=\"wp-block-heading has-text-align-center\">Reklamy<\/h3>\n\n\n\n<p class=\"has-text-align-center has-medium-font-size\">wideo produktowe, gastronomia, turystyka<\/p>\n<\/div>\n\n\n\n<div class=\"wp-block-column is-layout-flow wp-block-column-is-layout-flow\">\n<figure class=\"wp-block-image size-full\" style=\"margin-bottom:24px\"><img loading=\"lazy\" decoding=\"async\" width=\"800\" height=\"800\" src=\"http:\/\/60sekund.pl\/wp-content\/uploads\/2026\/02\/placeholder_image.jpg\" alt=\"M\u0119\u017cczyzna udziela wypowiedzi do kamery\" class=\"wp-image-19\" style=\"aspect-ratio:4\/3;object-fit:cover\" srcset=\"https:\/\/60sekund.pl\/wp-content\/uploads\/2026\/02\/placeholder_image.jpg 800w, https:\/\/60sekund.pl\/wp-content\/uploads\/2026\/02\/placeholder_image-300x300.jpg 300w, https:\/\/60sekund.pl\/wp-content\/uploads\/2026\/02\/placeholder_image-150x150.jpg 150w, https:\/\/60sekund.pl\/wp-content\/uploads\/2026\/02\/placeholder_image-768x768.jpg 768w\" sizes=\"auto, (max-width: 800px) 100vw, 800px\" \/><\/figure>\n\n\n\n<h3 class=\"wp-block-heading has-text-align-center\">Instrukcje i tutoriale<\/h3>\n\n\n\n<p class=\"has-text-align-center has-medium-font-size\">wizualne poradniki dla klient\u00f3w i pracownik\u00f3w<\/p>\n<\/div>\n<\/div>\n<\/div>\n\n\n\n<div class=\"wp-block-group alignfull has-background has-global-padding is-layout-constrained wp-container-core-group-is-layout-ebee8dc1 wp-block-group-is-layout-constrained\" style=\"background-color:#ffd900;margin-top:0;margin-bottom:0;padding-top:var(--wp--preset--spacing--50);padding-bottom:var(--wp--preset--spacing--50)\">\n<h2 class=\"wp-block-heading alignwide has-text-align-center\">Wykorzystaj potencja\u0142 wideo<\/h2>\n\n\n\n<div class=\"wp-block-columns alignwide is-layout-flex wp-container-core-columns-is-layout-28f84493 wp-block-columns-is-layout-flex\">\n<div class=\"wp-block-column is-layout-flow wp-block-column-is-layout-flow\">\n<figure class=\"wp-block-image size-full\" style=\"margin-bottom:24px\"><img loading=\"lazy\" decoding=\"async\" width=\"800\" height=\"800\" src=\"https:\/\/60sekund.pl\/wp-content\/uploads\/2026\/02\/image_glass.jpg\" alt=\"\" class=\"wp-image-24\" style=\"aspect-ratio:4\/3;object-fit:cover\" srcset=\"https:\/\/60sekund.pl\/wp-content\/uploads\/2026\/02\/image_glass.jpg 800w, https:\/\/60sekund.pl\/wp-content\/uploads\/2026\/02\/image_glass-300x300.jpg 300w, https:\/\/60sekund.pl\/wp-content\/uploads\/2026\/02\/image_glass-150x150.jpg 150w, https:\/\/60sekund.pl\/wp-content\/uploads\/2026\/02\/image_glass-768x768.jpg 768w\" sizes=\"auto, (max-width: 800px) 100vw, 800px\" \/><\/figure>\n\n\n\n<h3 class=\"wp-block-heading has-text-align-center\">Przykuwa uwag\u0119<\/h3>\n\n\n\n<p class=\"has-text-align-center has-medium-font-size\">promowane przez algorytmy w sieciach spo\u0142eczno\u015bciowych<\/p>\n<\/div>\n\n\n\n<div class=\"wp-block-column is-layout-flow wp-block-column-is-layout-flow\">\n<figure class=\"wp-block-image size-full\" style=\"margin-bottom:24px\"><img loading=\"lazy\" decoding=\"async\" width=\"800\" height=\"800\" src=\"https:\/\/60sekund.pl\/wp-content\/uploads\/2026\/02\/image_cerkiew.jpg\" alt=\"\" class=\"wp-image-25\" style=\"aspect-ratio:4\/3;object-fit:cover\" srcset=\"https:\/\/60sekund.pl\/wp-content\/uploads\/2026\/02\/image_cerkiew.jpg 800w, https:\/\/60sekund.pl\/wp-content\/uploads\/2026\/02\/image_cerkiew-300x300.jpg 300w, https:\/\/60sekund.pl\/wp-content\/uploads\/2026\/02\/image_cerkiew-150x150.jpg 150w, https:\/\/60sekund.pl\/wp-content\/uploads\/2026\/02\/image_cerkiew-768x768.jpg 768w\" sizes=\"auto, (max-width: 800px) 100vw, 800px\" \/><\/figure>\n\n\n\n<h3 class=\"wp-block-heading has-text-align-center\">Zostaje w pami\u0119ci<\/h3>\n\n\n\n<p class=\"has-text-align-center has-medium-font-size\">komunikat z kr\u00f3tkiego wideo zostaje w pami\u0119ci 95% widz\u00f3w<\/p>\n<\/div>\n\n\n\n<div class=\"wp-block-column is-layout-flow wp-block-column-is-layout-flow\">\n<figure class=\"wp-block-image size-full\" style=\"margin-bottom:24px\"><img loading=\"lazy\" decoding=\"async\" width=\"800\" height=\"800\" src=\"http:\/\/60sekund.pl\/wp-content\/uploads\/2026\/02\/image_slider.jpg\" alt=\"\" class=\"wp-image-23\" style=\"aspect-ratio:4\/3;object-fit:cover\" srcset=\"https:\/\/60sekund.pl\/wp-content\/uploads\/2026\/02\/image_slider.jpg 800w, https:\/\/60sekund.pl\/wp-content\/uploads\/2026\/02\/image_slider-300x300.jpg 300w, https:\/\/60sekund.pl\/wp-content\/uploads\/2026\/02\/image_slider-150x150.jpg 150w, https:\/\/60sekund.pl\/wp-content\/uploads\/2026\/02\/image_slider-768x768.jpg 768w\" sizes=\"auto, (max-width: 800px) 100vw, 800px\" \/><\/figure>\n\n\n\n<h3 class=\"wp-block-heading has-text-align-center\">Op\u0142aca si\u0119 najbardziej<\/h3>\n\n\n\n<p class=\"has-text-align-center has-medium-font-size\">najlepszy stosunek efektu do wydatk\u00f3w<\/p>\n<\/div>\n<\/div>\n<\/div>\n\n\n\n<div class=\"wp-block-group alignfull has-background has-global-padding is-layout-constrained wp-container-core-group-is-layout-ebee8dc1 wp-block-group-is-layout-constrained\" style=\"background-color:#d3f5ce;margin-top:0;margin-bottom:0;padding-top:var(--wp--preset--spacing--50);padding-bottom:var(--wp--preset--spacing--50)\">\n<h2 class=\"wp-block-heading alignwide has-text-align-center\">Oni nam zaufali<\/h2>\n\n\n\n<div class=\"wp-block-columns is-layout-flex wp-container-core-columns-is-layout-28f84493 wp-block-columns-is-layout-flex\">\n<div class=\"wp-block-column is-layout-flow wp-block-column-is-layout-flow\">\n<figure class=\"wp-block-image aligncenter size-full\"><img loading=\"lazy\" decoding=\"async\" width=\"200\" height=\"100\" src=\"http:\/\/60sekund.pl\/wp-content\/uploads\/2026\/02\/pce_200x100.png\" alt=\"\" class=\"wp-image-11\"\/><\/figure>\n<\/div>\n\n\n\n<div class=\"wp-block-column is-layout-flow wp-block-column-is-layout-flow\">\n<figure class=\"wp-block-image aligncenter size-full\"><img loading=\"lazy\" decoding=\"async\" width=\"258\" height=\"100\" src=\"http:\/\/60sekund.pl\/wp-content\/uploads\/2026\/02\/ppl_200x100.png\" alt=\"\" class=\"wp-image-12\"\/><\/figure>\n<\/div>\n\n\n\n<div class=\"wp-block-column is-layout-flow wp-block-column-is-layout-flow\">\n<figure class=\"wp-block-image aligncenter size-full\"><img loading=\"lazy\" decoding=\"async\" width=\"200\" height=\"100\" src=\"http:\/\/60sekund.pl\/wp-content\/uploads\/2026\/02\/infozdrowie_200x100.png\" alt=\"\" class=\"wp-image-13\"\/><\/figure>\n<\/div>\n<\/div>\n<\/div>\n\n\n\n<aside class=\"wp-block-group alignfull is-style-section-3 has-accent-2-background-color has-background has-global-padding is-layout-constrained wp-container-core-group-is-layout-f0f2a97b wp-block-group-is-layout-constrained is-style-section-3--1\" style=\"margin-top:0;margin-bottom:0;padding-top:var(--wp--preset--spacing--50);padding-right:var(--wp--preset--spacing--50);padding-bottom:var(--wp--preset--spacing--50);padding-left:var(--wp--preset--spacing--50)\">\n<div class=\"wp-block-group is-vertical is-content-justification-center is-layout-flex wp-container-core-group-is-layout-8778ca4a wp-block-group-is-layout-flex\" style=\"min-height:360px;margin-top:0;margin-bottom:0\">\n<h2 class=\"wp-block-heading has-text-align-center has-xx-large-font-size\">Potrzebujesz wideo?<\/h2>\n\n\n\n<p class=\"has-text-align-center is-style-text-subtitle is-style-text-subtitle--2\">Opowiemy Twoj\u0105 histori\u0119.<\/p>\n\n\n\n<div style=\"height:0px\" aria-hidden=\"true\" class=\"wp-block-spacer wp-container-content-62aae154\"><\/div>\n\n\n\n<div class=\"wp-block-buttons is-content-justification-center is-layout-flex wp-container-core-buttons-is-layout-a89b3969 wp-block-buttons-is-layout-flex\">\n<div class=\"wp-block-button\"><a class=\"wp-block-button__link has-text-align-center wp-element-button\" href=\"mailto:kontakt@60sekund.pl\">NAPISZ DO NAS!<\/a><\/div>\n<\/div>\n<\/div>\n<\/aside>\n\n\n\n<p><\/p>\n","protected":false},"excerpt":{"rendered":"<p>Opowiemy Twoj\u0105 histori\u0119 w 60 sekund* *ale mo\u017cemy te\u017c kr\u00f3cej lub d\u0142u\u017cej Tworzymy wideo do social medi\u00f3w Relacje z wydarze\u0144 wywiady, premiery, gale, eventy Reklamy wideo produktowe, gastronomia, turystyka Instrukcje i tutoriale wizualne poradniki dla klient\u00f3w i pracownik\u00f3w Wykorzystaj potencja\u0142 wideo Przykuwa uwag\u0119 promowane przez algorytmy w sieciach spo\u0142eczno\u015bciowych Zostaje w pami\u0119ci komunikat z kr\u00f3tkiego [&hellip;]<\/p>\n","protected":false},"author":1,"featured_media":0,"parent":0,"menu_order":0,"comment_status":"closed","ping_status":"closed","template":"","meta":{"_monsterinsights_skip_tracking":false,"_monsterinsights_sitenote_active":false,"_monsterinsights_sitenote_note":"","_monsterinsights_sitenote_category":0,"footnotes":""},"class_list":["post-7","page","type-page","status-publish","hentry"],"yoast_head":"<!-- This site is optimized with the Yoast SEO plugin v26.9 - https:\/\/yoast.com\/product\/yoast-seo-wordpress\/ -->\n<title>60 SEKUND - 60sekund.pl<\/title>\n<meta name=\"robots\" content=\"index, follow, max-snippet:-1, max-image-preview:large, max-video-preview:-1\" \/>\n<link rel=\"canonical\" href=\"https:\/\/60sekund.pl\/\" \/>\n<meta property=\"og:locale\" content=\"pl_PL\" \/>\n<meta property=\"og:type\" content=\"article\" \/>\n<meta property=\"og:title\" content=\"60 SEKUND - 60sekund.pl\" \/>\n<meta property=\"og:description\" content=\"Opowiemy Twoj\u0105 histori\u0119 w 60 sekund* *ale mo\u017cemy te\u017c kr\u00f3cej lub d\u0142u\u017cej Tworzymy wideo do social medi\u00f3w Relacje z wydarze\u0144 wywiady, premiery, gale, eventy Reklamy wideo produktowe, gastronomia, turystyka Instrukcje i tutoriale wizualne poradniki dla klient\u00f3w i pracownik\u00f3w Wykorzystaj potencja\u0142 wideo Przykuwa uwag\u0119 promowane przez algorytmy w sieciach spo\u0142eczno\u015bciowych Zostaje w pami\u0119ci komunikat z kr\u00f3tkiego [&hellip;]\" \/>\n<meta property=\"og:url\" content=\"https:\/\/60sekund.pl\/\" \/>\n<meta property=\"og:site_name\" content=\"60sekund.pl\" \/>\n<meta property=\"article:modified_time\" content=\"2026-02-05T08:49:11+00:00\" \/>\n<meta property=\"og:image\" content=\"https:\/\/60sekund.pl\/wp-content\/uploads\/2026\/02\/image_party.jpg\" \/>\n\t<meta property=\"og:image:width\" content=\"800\" \/>\n\t<meta property=\"og:image:height\" content=\"800\" \/>\n\t<meta property=\"og:image:type\" content=\"image\/jpeg\" \/>\n<meta name=\"twitter:card\" content=\"summary_large_image\" \/>\n<script type=\"application\/ld+json\" class=\"yoast-schema-graph\">{\"@context\":\"https:\/\/schema.org\",\"@graph\":[{\"@type\":\"WebPage\",\"@id\":\"https:\/\/60sekund.pl\/\",\"url\":\"https:\/\/60sekund.pl\/\",\"name\":\"60 SEKUND - 60sekund.pl\",\"isPartOf\":{\"@id\":\"https:\/\/60sekund.pl\/#website\"},\"primaryImageOfPage\":{\"@id\":\"https:\/\/60sekund.pl\/#primaryimage\"},\"image\":{\"@id\":\"https:\/\/60sekund.pl\/#primaryimage\"},\"thumbnailUrl\":\"https:\/\/60sekund.pl\/wp-content\/uploads\/2026\/02\/image_party.jpg\",\"datePublished\":\"2026-02-02T10:47:51+00:00\",\"dateModified\":\"2026-02-05T08:49:11+00:00\",\"breadcrumb\":{\"@id\":\"https:\/\/60sekund.pl\/#breadcrumb\"},\"inLanguage\":\"pl-PL\",\"potentialAction\":[{\"@type\":\"ReadAction\",\"target\":[\"https:\/\/60sekund.pl\/\"]}]},{\"@type\":\"ImageObject\",\"inLanguage\":\"pl-PL\",\"@id\":\"https:\/\/60sekund.pl\/#primaryimage\",\"url\":\"https:\/\/60sekund.pl\/wp-content\/uploads\/2026\/02\/image_party.jpg\",\"contentUrl\":\"https:\/\/60sekund.pl\/wp-content\/uploads\/2026\/02\/image_party.jpg\",\"width\":800,\"height\":800},{\"@type\":\"BreadcrumbList\",\"@id\":\"https:\/\/60sekund.pl\/#breadcrumb\",\"itemListElement\":[{\"@type\":\"ListItem\",\"position\":1,\"name\":\"Strona g\u0142\u00f3wna\",\"item\":\"https:\/\/60sekund.pl\/\"},{\"@type\":\"ListItem\",\"position\":2,\"name\":\"60 SEKUND\"}]},{\"@type\":\"WebSite\",\"@id\":\"https:\/\/60sekund.pl\/#website\",\"url\":\"https:\/\/60sekund.pl\/\",\"name\":\"60sekund.pl\",\"description\":\"Opowiemy Twoj\u0105 histori\u0119 w 60 sekund\",\"potentialAction\":[{\"@type\":\"SearchAction\",\"target\":{\"@type\":\"EntryPoint\",\"urlTemplate\":\"https:\/\/60sekund.pl\/?s={search_term_string}\"},\"query-input\":{\"@type\":\"PropertyValueSpecification\",\"valueRequired\":true,\"valueName\":\"search_term_string\"}}],\"inLanguage\":\"pl-PL\"}]}<\/script>\n<!-- \/ Yoast SEO plugin. -->","yoast_head_json":{"title":"60 SEKUND - 60sekund.pl","robots":{"index":"index","follow":"follow","max-snippet":"max-snippet:-1","max-image-preview":"max-image-preview:large","max-video-preview":"max-video-preview:-1"},"canonical":"https:\/\/60sekund.pl\/","og_locale":"pl_PL","og_type":"article","og_title":"60 SEKUND - 60sekund.pl","og_description":"Opowiemy Twoj\u0105 histori\u0119 w 60 sekund* *ale mo\u017cemy te\u017c kr\u00f3cej lub d\u0142u\u017cej Tworzymy wideo do social medi\u00f3w Relacje z wydarze\u0144 wywiady, premiery, gale, eventy Reklamy wideo produktowe, gastronomia, turystyka Instrukcje i tutoriale wizualne poradniki dla klient\u00f3w i pracownik\u00f3w Wykorzystaj potencja\u0142 wideo Przykuwa uwag\u0119 promowane przez algorytmy w sieciach spo\u0142eczno\u015bciowych Zostaje w pami\u0119ci komunikat z kr\u00f3tkiego [&hellip;]","og_url":"https:\/\/60sekund.pl\/","og_site_name":"60sekund.pl","article_modified_time":"2026-02-05T08:49:11+00:00","og_image":[{"width":800,"height":800,"url":"https:\/\/60sekund.pl\/wp-content\/uploads\/2026\/02\/image_party.jpg","type":"image\/jpeg"}],"twitter_card":"summary_large_image","schema":{"@context":"https:\/\/schema.org","@graph":[{"@type":"WebPage","@id":"https:\/\/60sekund.pl\/","url":"https:\/\/60sekund.pl\/","name":"60 SEKUND - 60sekund.pl","isPartOf":{"@id":"https:\/\/60sekund.pl\/#website"},"primaryImageOfPage":{"@id":"https:\/\/60sekund.pl\/#primaryimage"},"image":{"@id":"https:\/\/60sekund.pl\/#primaryimage"},"thumbnailUrl":"https:\/\/60sekund.pl\/wp-content\/uploads\/2026\/02\/image_party.jpg","datePublished":"2026-02-02T10:47:51+00:00","dateModified":"2026-02-05T08:49:11+00:00","breadcrumb":{"@id":"https:\/\/60sekund.pl\/#breadcrumb"},"inLanguage":"pl-PL","potentialAction":[{"@type":"ReadAction","target":["https:\/\/60sekund.pl\/"]}]},{"@type":"ImageObject","inLanguage":"pl-PL","@id":"https:\/\/60sekund.pl\/#primaryimage","url":"https:\/\/60sekund.pl\/wp-content\/uploads\/2026\/02\/image_party.jpg","contentUrl":"https:\/\/60sekund.pl\/wp-content\/uploads\/2026\/02\/image_party.jpg","width":800,"height":800},{"@type":"BreadcrumbList","@id":"https:\/\/60sekund.pl\/#breadcrumb","itemListElement":[{"@type":"ListItem","position":1,"name":"Strona g\u0142\u00f3wna","item":"https:\/\/60sekund.pl\/"},{"@type":"ListItem","position":2,"name":"60 SEKUND"}]},{"@type":"WebSite","@id":"https:\/\/60sekund.pl\/#website","url":"https:\/\/60sekund.pl\/","name":"60sekund.pl","description":"Opowiemy Twoj\u0105 histori\u0119 w 60 sekund","potentialAction":[{"@type":"SearchAction","target":{"@type":"EntryPoint","urlTemplate":"https:\/\/60sekund.pl\/?s={search_term_string}"},"query-input":{"@type":"PropertyValueSpecification","valueRequired":true,"valueName":"search_term_string"}}],"inLanguage":"pl-PL"}]}},"_links":{"self":[{"href":"https:\/\/60sekund.pl\/index.php?rest_route=\/wp\/v2\/pages\/7","targetHints":{"allow":["GET"]}}],"collection":[{"href":"https:\/\/60sekund.pl\/index.php?rest_route=\/wp\/v2\/pages"}],"about":[{"href":"https:\/\/60sekund.pl\/index.php?rest_route=\/wp\/v2\/types\/page"}],"author":[{"embeddable":true,"href":"https:\/\/60sekund.pl\/index.php?rest_route=\/wp\/v2\/users\/1"}],"replies":[{"embeddable":true,"href":"https:\/\/60sekund.pl\/index.php?rest_route=%2Fwp%2Fv2%2Fcomments&post=7"}],"version-history":[{"count":6,"href":"https:\/\/60sekund.pl\/index.php?rest_route=\/wp\/v2\/pages\/7\/revisions"}],"predecessor-version":[{"id":27,"href":"https:\/\/60sekund.pl\/index.php?rest_route=\/wp\/v2\/pages\/7\/revisions\/27"}],"wp:attachment":[{"href":"https:\/\/60sekund.pl\/index.php?rest_route=%2Fwp%2Fv2%2Fmedia&parent=7"}],"curies":[{"name":"wp","href":"https:\/\/api.w.org\/{rel}","templated":true}]}}